{"id":41,"date":"2017-11-09T22:58:41","date_gmt":"2017-11-09T22:58:41","guid":{"rendered":"http:\/\/unicresvirtual.edu.co\/virtual\/?page_id=41"},"modified":"2020-04-02T17:16:16","modified_gmt":"2020-04-02T17:16:16","slug":"inicio","status":"publish","type":"page","link":"https:\/\/unicresvirtual.edu.co\/virtual\/inicio\/","title":{"rendered":"Inicio"},"content":{"rendered":"<p><div class=\"ezcol ezcol-one-quarter\"><div class=\"oxi-addons-container oxi-image-hover-wrapper-3 \" id=\"oxi-image-hover-wrapper-3\">\r\n                 <div class=\"oxi-addons-row\"><div class=\"oxi-image-hover-style oxi-bt-col-lg-12 oxi-bt-col-md-12 oxi-bt-col-sm-12  \" >  <div class=\"oxi-image-hover-style-square\">\r\n                        <div class=\"oxi-image-hover oxi-image-square-hover oxi-image-square-hover-style-3 oxi-image-square-hover-3-2\">\r\n                            <a  href=\"http:\/\/unicresvirtual.edu.co\/estudiantes\/mod\/page\/view.php?id=7357\" target=\"_blank\">\r\n                            <div class=\"oxi-image-hover-figure left_to_right\">\r\n                                <div class=\"oxi-image-hover-image\">\r\n                                    <img src=\"http:\/\/unicresvirtual.edu.co\/virtual\/wp-content\/uploads\/2017\/11\/2.png\" >\r\n                                <\/div>\r\n                                <div class=\"mask1\"><\/div>\r\n                                <div class=\"mask2\"><\/div>\r\n                                <div class=\"oxi-image-hover-figure-caption\">\r\n                                    <div class=\"oxi-image-hover-caption-tab image-hover-align-top-center\">\r\n                                        <div class=\"oxi-image-hover-figure-heading  \"><h3 class=\"oxi-image-hover-heading \">Bienestar Universitario<\/h3><\/div> \r\n                                        <div class=\"oxi-image-hover-content  \">Conoce nuestras actividades!<\/div> \r\n                                        \r\n                                    <\/div>\r\n                                <\/div>\r\n                            <\/div>\r\n                            <\/a>\r\n                        <\/div>\r\n                    <\/div> <\/div>   <\/div>\r\n              <\/div>\u200b<\/div> <div class=\"ezcol ezcol-one-quarter\"><div class=\"oxi-addons-container oxi-image-hover-wrapper-4 \" id=\"oxi-image-hover-wrapper-4\">\r\n                 <div class=\"oxi-addons-row\"><div class=\"oxi-image-hover-style oxi-bt-col-lg-12 oxi-bt-col-md-12 oxi-bt-col-sm-12  \" >  <div class=\"oxi-image-hover-style-square\">\r\n                        <div class=\"oxi-image-hover oxi-image-square-hover oxi-image-square-hover-style-2 oxi-image-square-hover-4-3\">\r\n                            <a  href=\"http:\/\/unicresvirtual.edu.co\/docentes\/\" target=\"_blank\">\r\n                            <div class=\"oxi-image-hover-figure top_to_bottom\">\r\n                                <div class=\"oxi-image-hover-image\">\r\n                                    <img src=\"http:\/\/unicresvirtual.edu.co\/virtual\/wp-content\/uploads\/2017\/11\/3.png\" >\r\n                                <\/div>\r\n                                <div class=\"oxi-image-hover-figure-caption\">\r\n                                    <div class=\"oxi-image-hover-caption-tab\">\r\n                                        <div class=\"oxi-image-hover-figure-heading  \"><h3 class=\"oxi-image-hover-heading \">Cursos virtuales<\/h3><\/div> \r\n                                        <div class=\"oxi-image-hover-content  \">Conoce la programaciu00f3n para nuestros docentes<\/div> \r\n                                        \r\n                                    <\/div>\r\n                                <\/div>\r\n                            <\/div>\r\n                            <\/a>\r\n                        <\/div>\r\n                    <\/div> <\/div>   <\/div>\r\n              <\/div>\u200b<\/div> <div class=\"ezcol ezcol-one-quarter\"><div class=\"oxi-addons-container oxi-image-hover-wrapper-8 \" id=\"oxi-image-hover-wrapper-8\">\r\n                 <div class=\"oxi-addons-row\"><div class=\"oxi-image-hover-style oxi-bt-col-lg-12 oxi-bt-col-md-12 oxi-bt-col-sm-12  \" >  <div class=\"oxi-image-hover-style-square\">\r\n                        <div class=\"oxi-image-hover oxi-image-square-hover oxi-image-square-hover-style-3 oxi-image-square-hover-8-6\">\r\n                            <a  href=\"http:\/\/unicresvirtual.edu.co\/estudiantes\/\" target=\"_blank\">\r\n                            <div class=\"oxi-image-hover-figure right_to_left\">\r\n                                <div class=\"oxi-image-hover-image\">\r\n                                    <img src=\"http:\/\/unicresvirtual.edu.co\/virtual\/wp-content\/uploads\/2017\/11\/1.png\" >\r\n                                <\/div>\r\n                                <div class=\"mask1\"><\/div>\r\n                                <div class=\"mask2\"><\/div>\r\n                                <div class=\"oxi-image-hover-figure-caption\">\r\n                                    <div class=\"oxi-image-hover-caption-tab image-hover-align-top-center\">\r\n                                        <div class=\"oxi-image-hover-figure-heading  \"><h3 class=\"oxi-image-hover-heading \">Programas Virtuales<\/h3><\/div> \r\n                                        <div class=\"oxi-image-hover-content  \">Ingresa a nuestra plataforma<\/div> \r\n                                        \r\n                                    <\/div>\r\n                                <\/div>\r\n                            <\/div>\r\n                            <\/a>\r\n                        <\/div>\r\n                    <\/div> <\/div>   <\/div>\r\n              <\/div>\u200b<\/div> <div class=\"ezcol ezcol-one-quarter ezcol-last\"><div class=\"oxi-addons-container oxi-image-hover-wrapper-9 \" id=\"oxi-image-hover-wrapper-9\">\r\n                 <div class=\"oxi-addons-row\"><div class=\"oxi-image-hover-style oxi-bt-col-lg-12 oxi-bt-col-md-12 oxi-bt-col-sm-12  \" >  <div class=\"oxi-image-hover-style-square\">\r\n                        <div class=\"oxi-image-hover oxi-image-square-hover oxi-image-square-hover-style-2 oxi-image-square-hover-9-7\">\r\n                            <a  href=\"http:\/\/unicresvirtual.edu.co\/virtual\/formulario-de-contacto\/\" target=\"_blank\">\r\n                            <div class=\"oxi-image-hover-figure top_to_bottom\">\r\n                                <div class=\"oxi-image-hover-image\">\r\n                                    <img src=\"http:\/\/unicresvirtual.edu.co\/virtual\/wp-content\/uploads\/2017\/11\/4.png\" >\r\n                                <\/div>\r\n                                <div class=\"oxi-image-hover-figure-caption\">\r\n                                    <div class=\"oxi-image-hover-caption-tab\">\r\n                                        <div class=\"oxi-image-hover-figure-heading  \"><h3 class=\"oxi-image-hover-heading \">Cursos Gratis!<\/h3><\/div> \r\n                                        <div class=\"oxi-image-hover-content  \">Conoce nuestra oferta<\/div> \r\n                                        \r\n                                    <\/div>\r\n                                <\/div>\r\n                            <\/div>\r\n                            <\/a>\r\n                        <\/div>\r\n                    <\/div> <\/div>   <\/div>\r\n              <\/div><\/div><div class=\"ezcol-divider\"><\/div><\/p>\n<hr>\n<p><div class=\"ezcol ezcol-one-half\"><a href=\"http:\/\/unicresvirtual.edu.co\/estudiantes\/mod\/page\/view.php?id=7359\" target=\"_blank\" rel=\"noopener noreferrer\"><img loading=\"lazy\" class=\"alignnone wp-image-100 size-large\" src=\"http:\/\/unicresvirtual.edu.co\/virtual\/wp-content\/uploads\/2017\/11\/INVESTIGACION-1024x247.jpg\" alt=\"\" width=\"955\" height=\"230\" srcset=\"https:\/\/unicresvirtual.edu.co\/virtual\/wp-content\/uploads\/2017\/11\/INVESTIGACION-1024x247.jpg 1024w, https:\/\/unicresvirtual.edu.co\/virtual\/wp-content\/uploads\/2017\/11\/INVESTIGACION-300x72.jpg 300w, https:\/\/unicresvirtual.edu.co\/virtual\/wp-content\/uploads\/2017\/11\/INVESTIGACION-768x185.jpg 768w\" sizes=\"(max-width: 955px) 100vw, 955px\" \/><\/a><\/div> <div class=\"ezcol ezcol-one-half ezcol-last\"><a href=\"http:\/\/unicresvirtual.edu.co\/estudiantes\/mod\/page\/view.php?id=7358\" rel=\"noopener\"><img loading=\"lazy\" class=\"alignnone wp-image-101 size-large\" src=\"http:\/\/unicresvirtual.edu.co\/virtual\/wp-content\/uploads\/2017\/11\/PROYECCION-SOCIAL-1024x247.jpg\" alt=\"\" width=\"955\" height=\"230\" srcset=\"https:\/\/unicresvirtual.edu.co\/virtual\/wp-content\/uploads\/2017\/11\/PROYECCION-SOCIAL-1024x247.jpg 1024w, https:\/\/unicresvirtual.edu.co\/virtual\/wp-content\/uploads\/2017\/11\/PROYECCION-SOCIAL-300x72.jpg 300w, https:\/\/unicresvirtual.edu.co\/virtual\/wp-content\/uploads\/2017\/11\/PROYECCION-SOCIAL-768x185.jpg 768w\" sizes=\"(max-width: 955px) 100vw, 955px\" \/><\/a><\/div><div class=\"ezcol-divider\"><\/div><\/p>\n<hr>\n<div class=\"ezcol ezcol-one-half\"><iframe loading=\"lazy\" src=\"https:\/\/www.youtube.com\/embed\/AcHG7PHedZ0?rel=0\" width=\"560\" height=\"315\" frameborder=\"0\" allowfullscreen=\"allowfullscreen\"><\/iframe><\/div>\n<div class=\"ezcol ezcol-one-half ezcol-last\">\n<p><span style=\"font-size: 16pt;\">La Corporaci\u00f3n Regional de Educaci\u00f3n Superior CRES<\/span><\/p>\n<p>&nbsp;<\/p>\n<p style=\"text-align: justify;\">Te da la bienvenida y te invita a que hagas parte de nuestra plataforma unicresvirtual&nbsp; la cual te permitir\u00e1 acceder a nuestros programas T\u00e9cnicos Profesionales y de Educaci\u00f3n continua con diferentes herramientas para tu formaci\u00f3n.<\/p>\n<p><em>\u00a1Cree, crea, crece con la CRES!<\/em><\/p>\n<\/div><div class=\"ezcol-divider\"><\/div>\n","protected":false},"excerpt":{"rendered":"","protected":false},"author":1,"featured_media":0,"parent":0,"menu_order":0,"comment_status":"closed","ping_status":"closed","template":"","meta":[],"yoast_head":"<!-- This site is optimized with the Yoast SEO plugin v16.2 - https:\/\/yoast.com\/wordpress\/plugins\/seo\/ -->\n<title>Inicio -<\/title>\n<meta name=\"robots\" content=\"index, follow, max-snippet:-1, max-image-preview:large, max-video-preview:-1\" \/>\n<link rel=\"canonical\" href=\"https:\/\/unicresvirtual.edu.co\/virtual\/inicio\/\" \/>\n<meta property=\"og:locale\" content=\"es_ES\" \/>\n<meta property=\"og:type\" content=\"article\" \/>\n<meta property=\"og:title\" content=\"Inicio -\" \/>\n<meta property=\"og:url\" content=\"https:\/\/unicresvirtual.edu.co\/virtual\/inicio\/\" \/>\n<meta property=\"article:modified_time\" content=\"2020-04-02T17:16:16+00:00\" \/>\n<meta property=\"og:image\" content=\"http:\/\/unicresvirtual.edu.co\/virtual\/wp-content\/uploads\/2017\/11\/INVESTIGACION-1024x247.jpg\" \/>\n<meta name=\"twitter:card\" content=\"summary\" \/>\n<meta name=\"twitter:label1\" content=\"Tiempo de lectura\">\n\t<meta name=\"twitter:data1\" content=\"1 minuto\">\n<script type=\"application\/ld+json\" class=\"yoast-schema-graph\">{\"@context\":\"https:\/\/schema.org\",\"@graph\":[{\"@type\":\"WebSite\",\"@id\":\"https:\/\/unicresvirtual.edu.co\/virtual\/#website\",\"url\":\"https:\/\/unicresvirtual.edu.co\/virtual\/\",\"name\":\"\",\"description\":\"\",\"potentialAction\":[{\"@type\":\"SearchAction\",\"target\":\"https:\/\/unicresvirtual.edu.co\/virtual\/?s={search_term_string}\",\"query-input\":\"required name=search_term_string\"}],\"inLanguage\":\"es\"},{\"@type\":\"ImageObject\",\"@id\":\"https:\/\/unicresvirtual.edu.co\/virtual\/inicio\/#primaryimage\",\"inLanguage\":\"es\",\"url\":\"http:\/\/unicresvirtual.edu.co\/virtual\/wp-content\/uploads\/2017\/11\/INVESTIGACION-1024x247.jpg\",\"contentUrl\":\"http:\/\/unicresvirtual.edu.co\/virtual\/wp-content\/uploads\/2017\/11\/INVESTIGACION-1024x247.jpg\"},{\"@type\":[\"WebPage\",\"CollectionPage\"],\"@id\":\"https:\/\/unicresvirtual.edu.co\/virtual\/inicio\/#webpage\",\"url\":\"https:\/\/unicresvirtual.edu.co\/virtual\/inicio\/\",\"name\":\"Inicio -\",\"isPartOf\":{\"@id\":\"https:\/\/unicresvirtual.edu.co\/virtual\/#website\"},\"primaryImageOfPage\":{\"@id\":\"https:\/\/unicresvirtual.edu.co\/virtual\/inicio\/#primaryimage\"},\"datePublished\":\"2017-11-09T22:58:41+00:00\",\"dateModified\":\"2020-04-02T17:16:16+00:00\",\"breadcrumb\":{\"@id\":\"https:\/\/unicresvirtual.edu.co\/virtual\/inicio\/#breadcrumb\"},\"inLanguage\":\"es\",\"potentialAction\":[{\"@type\":\"ReadAction\",\"target\":[\"https:\/\/unicresvirtual.edu.co\/virtual\/inicio\/\"]}]},{\"@type\":\"BreadcrumbList\",\"@id\":\"https:\/\/unicresvirtual.edu.co\/virtual\/inicio\/#breadcrumb\",\"itemListElement\":[{\"@type\":\"ListItem\",\"position\":1,\"item\":{\"@type\":\"WebPage\",\"@id\":\"https:\/\/unicresvirtual.edu.co\/virtual\/\",\"url\":\"https:\/\/unicresvirtual.edu.co\/virtual\/\",\"name\":\"Home\"}},{\"@type\":\"ListItem\",\"position\":2,\"item\":{\"@id\":\"https:\/\/unicresvirtual.edu.co\/virtual\/inicio\/#webpage\"}}]}]}<\/script>\n<!-- \/ Yoast SEO plugin. -->","_links":{"self":[{"href":"https:\/\/unicresvirtual.edu.co\/virtual\/wp-json\/wp\/v2\/pages\/41"}],"collection":[{"href":"https:\/\/unicresvirtual.edu.co\/virtual\/wp-json\/wp\/v2\/pages"}],"about":[{"href":"https:\/\/unicresvirtual.edu.co\/virtual\/wp-json\/wp\/v2\/types\/page"}],"author":[{"embeddable":true,"href":"https:\/\/unicresvirtual.edu.co\/virtual\/wp-json\/wp\/v2\/users\/1"}],"replies":[{"embeddable":true,"href":"https:\/\/unicresvirtual.edu.co\/virtual\/wp-json\/wp\/v2\/comments?post=41"}],"version-history":[{"count":30,"href":"https:\/\/unicresvirtual.edu.co\/virtual\/wp-json\/wp\/v2\/pages\/41\/revisions"}],"predecessor-version":[{"id":170,"href":"https:\/\/unicresvirtual.edu.co\/virtual\/wp-json\/wp\/v2\/pages\/41\/revisions\/170"}],"wp:attachment":[{"href":"https:\/\/unicresvirtual.edu.co\/virtual\/wp-json\/wp\/v2\/media?parent=41"}],"curies":[{"name":"wp","href":"https:\/\/api.w.org\/{rel}","templated":true}]}}